{"id":327,"date":"2024-06-23T23:04:14","date_gmt":"2024-06-23T23:04:14","guid":{"rendered":"https:\/\/enextadventure.ro\/?post_type=product&#038;p=327"},"modified":"2025-03-22T15:17:06","modified_gmt":"2025-03-22T15:17:06","slug":"3-days-track","status":"publish","type":"product","link":"https:\/\/enextadventure.ro\/ro\/produs\/3-days-track\/","title":{"rendered":"Traseu de 3 zile"},"content":{"rendered":"<p>Turul de trei zile este destinat celor cu experien\u021b\u0103, acoperind un total de 300-350 km.<\/p>\n<p>Pe parcurs, sunt incluse pauze pentru pr\u00e2nz la restaurant sau picnic.<\/p>\n<p>Traseul traverseaz\u0103 toate formele de relief specifice zonei Mun\u021bilor Apuseni, oferind o aventur\u0103 off-road complex\u0103 \u0219i variat\u0103.<\/p>\n<p>Pentru o experien\u021b\u0103 mai bun\u0103, un ghid specializat este inclus.<\/p>","protected":false},"excerpt":{"rendered":"<p>Turul de trei zile ofer\u0103 o aventur\u0103 off-road complet\u0103, dedicat\u0103 celor cu experien\u021b\u0103, prin toate formele de relief din Mun\u021bii Apuseni.<\/p>","protected":false},"featured_media":321,"comment_status":"open","ping_status":"closed","template":"","meta":{"_monsterinsights_skip_tracking":false,"_monsterinsights_sitenote_active":false,"_monsterinsights_sitenote_note":"","_monsterinsights_sitenote_category":0},"product_cat":[25],"product_tag":[],"class_list":{"0":"post-327","1":"product","2":"type-product","3":"status-publish","4":"has-post-thumbnail","6":"product_cat-tours","8":"first","9":"instock","10":"sale","11":"shipping-taxable","12":"purchasable","13":"product-type-simple"},"aioseo_notices":[],"_links":{"self":[{"href":"https:\/\/enextadventure.ro\/ro\/wp-json\/wp\/v2\/product\/327","targetHints":{"allow":["GET"]}}],"collection":[{"href":"https:\/\/enextadventure.ro\/ro\/wp-json\/wp\/v2\/product"}],"about":[{"href":"https:\/\/enextadventure.ro\/ro\/wp-json\/wp\/v2\/types\/product"}],"replies":[{"embeddable":true,"href":"https:\/\/enextadventure.ro\/ro\/wp-json\/wp\/v2\/comments?post=327"}],"wp:featuredmedia":[{"embeddable":true,"href":"https:\/\/enextadventure.ro\/ro\/wp-json\/wp\/v2\/media\/321"}],"wp:attachment":[{"href":"https:\/\/enextadventure.ro\/ro\/wp-json\/wp\/v2\/media?parent=327"}],"wp:term":[{"taxonomy":"product_cat","embeddable":true,"href":"https:\/\/enextadventure.ro\/ro\/wp-json\/wp\/v2\/product_cat?post=327"},{"taxonomy":"product_tag","embeddable":true,"href":"https:\/\/enextadventure.ro\/ro\/wp-json\/wp\/v2\/product_tag?post=327"}],"curies":[{"name":"wp","href":"https:\/\/api.w.org\/{rel}","templated":true}]}}