{"id":83,"date":"2017-11-20T05:02:20","date_gmt":"2017-11-20T05:02:20","guid":{"rendered":"https:\/\/motocross.progressionstudios.com\/?post_type=product&#038;p=83"},"modified":"2025-03-22T15:18:00","modified_gmt":"2025-03-22T15:18:00","slug":"2-days-track","status":"publish","type":"product","link":"https:\/\/enextadventure.ro\/ro\/produs\/2-days-track\/","title":{"rendered":"Traseu de 2 zile"},"content":{"rendered":"<p>Turul de dou\u0103 zile acoper\u0103 un total de 220-240 km, cu pauze pentru pr\u00e2nz la restaurant sau picnic.<\/p>\n<p>Traseul str\u0103bate dealuri, p\u0103duri \u0219i include o por\u021biune spectaculoas\u0103 \u00een Mun\u021bii Apuseni.<\/p>\n<p>Pentru o experien\u021b\u0103 mai bun\u0103, un ghid specializat este inclus.<\/p>","protected":false},"excerpt":{"rendered":"<p>Turul de dou\u0103 zile \u00eembin\u0103 aventura off-road prin dealuri, p\u0103duri \u0219i Mun\u021bii Apuseni, cu pauze pentru pr\u00e2nz \u00een natur\u0103 sau la restaurant.<\/p>","protected":false},"featured_media":322,"comment_status":"open","ping_status":"closed","template":"","meta":{"_monsterinsights_skip_tracking":false,"_monsterinsights_sitenote_active":false,"_monsterinsights_sitenote_note":"","_monsterinsights_sitenote_category":0},"product_cat":[25],"product_tag":[],"class_list":{"0":"post-83","1":"product","2":"type-product","3":"status-publish","4":"has-post-thumbnail","6":"product_cat-tours","8":"first","9":"instock","10":"sale","11":"shipping-taxable","12":"purchasable","13":"product-type-simple"},"aioseo_notices":[],"_links":{"self":[{"href":"https:\/\/enextadventure.ro\/ro\/wp-json\/wp\/v2\/product\/83","targetHints":{"allow":["GET"]}}],"collection":[{"href":"https:\/\/enextadventure.ro\/ro\/wp-json\/wp\/v2\/product"}],"about":[{"href":"https:\/\/enextadventure.ro\/ro\/wp-json\/wp\/v2\/types\/product"}],"replies":[{"embeddable":true,"href":"https:\/\/enextadventure.ro\/ro\/wp-json\/wp\/v2\/comments?post=83"}],"wp:featuredmedia":[{"embeddable":true,"href":"https:\/\/enextadventure.ro\/ro\/wp-json\/wp\/v2\/media\/322"}],"wp:attachment":[{"href":"https:\/\/enextadventure.ro\/ro\/wp-json\/wp\/v2\/media?parent=83"}],"wp:term":[{"taxonomy":"product_cat","embeddable":true,"href":"https:\/\/enextadventure.ro\/ro\/wp-json\/wp\/v2\/product_cat?post=83"},{"taxonomy":"product_tag","embeddable":true,"href":"https:\/\/enextadventure.ro\/ro\/wp-json\/wp\/v2\/product_tag?post=83"}],"curies":[{"name":"wp","href":"https:\/\/api.w.org\/{rel}","templated":true}]}}