{"id":84,"date":"2017-11-20T05:03:18","date_gmt":"2017-11-20T05:03:18","guid":{"rendered":"https:\/\/motocross.progressionstudios.com\/?post_type=product&#038;p=84"},"modified":"2025-03-22T15:17:37","modified_gmt":"2025-03-22T15:17:37","slug":"1-day-track","status":"publish","type":"product","link":"https:\/\/enextadventure.ro\/ro\/produs\/1-day-track\/","title":{"rendered":"Traseu de o zi"},"content":{"rendered":"<p>Turul de o zi poate avea o durat\u0103 de 4 ore, acoperind 50-70 km, sau 7-8 ore, parcurg\u00e2nd 120-140 km prin dealuri \u0219i p\u0103duri.<\/p>\n<p>Este alegerea perfect\u0103 at\u00e2t pentru \u00eencep\u0103tori, c\u00e2t \u0219i pentru cei care doresc o prim\u0103 experien\u021b\u0103 pe o motociclet\u0103 electric\u0103.<\/p>\n<p>Pentru o experien\u021b\u0103 mai bun\u0103, un ghid specializat este inclus.<\/p>","protected":false},"excerpt":{"rendered":"<p>Turul de o zi ofer\u0103 o experien\u021b\u0103 off-road prin dealuri \u0219i p\u0103duri, ideal\u0103 pentru \u00eencep\u0103tori \u0219i pasiona\u021bii de motociclete electrice.<\/p>","protected":false},"featured_media":326,"comment_status":"open","ping_status":"closed","template":"","meta":{"_monsterinsights_skip_tracking":false,"_monsterinsights_sitenote_active":false,"_monsterinsights_sitenote_note":"","_monsterinsights_sitenote_category":0},"product_cat":[25],"product_tag":[],"class_list":{"0":"post-84","1":"product","2":"type-product","3":"status-publish","4":"has-post-thumbnail","6":"product_cat-tours","8":"first","9":"instock","10":"shipping-taxable","11":"purchasable","12":"product-type-simple"},"aioseo_notices":[],"_links":{"self":[{"href":"https:\/\/enextadventure.ro\/ro\/wp-json\/wp\/v2\/product\/84","targetHints":{"allow":["GET"]}}],"collection":[{"href":"https:\/\/enextadventure.ro\/ro\/wp-json\/wp\/v2\/product"}],"about":[{"href":"https:\/\/enextadventure.ro\/ro\/wp-json\/wp\/v2\/types\/product"}],"replies":[{"embeddable":true,"href":"https:\/\/enextadventure.ro\/ro\/wp-json\/wp\/v2\/comments?post=84"}],"wp:featuredmedia":[{"embeddable":true,"href":"https:\/\/enextadventure.ro\/ro\/wp-json\/wp\/v2\/media\/326"}],"wp:attachment":[{"href":"https:\/\/enextadventure.ro\/ro\/wp-json\/wp\/v2\/media?parent=84"}],"wp:term":[{"taxonomy":"product_cat","embeddable":true,"href":"https:\/\/enextadventure.ro\/ro\/wp-json\/wp\/v2\/product_cat?post=84"},{"taxonomy":"product_tag","embeddable":true,"href":"https:\/\/enextadventure.ro\/ro\/wp-json\/wp\/v2\/product_tag?post=84"}],"curies":[{"name":"wp","href":"https:\/\/api.w.org\/{rel}","templated":true}]}}